{"id":612,"date":"2025-04-29T12:10:46","date_gmt":"2025-04-29T11:10:46","guid":{"rendered":"https:\/\/www.disfrazatumomento.com\/?page_id=612"},"modified":"2025-04-29T16:56:22","modified_gmt":"2025-04-29T15:56:22","slug":"comprar-disfraz-cabezon","status":"publish","type":"page","link":"https:\/\/www.disfrazatumomento.com\/en\/comprar-disfraz-cabezon\/","title":{"rendered":"Comprar"},"content":{"rendered":"<div data-elementor-type=\"wp-page\" data-elementor-id=\"612\" class=\"elementor elementor-612\" data-elementor-post-type=\"page\">\n\t\t\t\t\t\t<section class=\"elementor-section elementor-top-section elementor-element elementor-element-2903c7a elementor-section-boxed elementor-section-height-default elementor-section-height-default\" data-id=\"2903c7a\" data-element_type=\"section\" data-e-type=\"section\" data-settings=\"{&quot;background_background&quot;:&quot;classic&quot;}\">\n\t\t\t\t\t\t\t<div class=\"elementor-background-overlay\"><\/div>\n\t\t\t\t\t\t\t<div class=\"elementor-container elementor-column-gap-default\">\n\t\t\t\t\t<div class=\"elementor-column elementor-col-100 elementor-top-column elementor-element elementor-element-d16c989\" data-id=\"d16c989\" data-element_type=\"column\" data-e-type=\"column\">\n\t\t\t<div class=\"elementor-widget-wrap elementor-element-populated\">\n\t\t\t\t\t\t<div class=\"elementor-element elementor-element-e6f6b43 elementor-widget elementor-widget-heading\" data-id=\"e6f6b43\" data-element_type=\"widget\" data-e-type=\"widget\" data-widget_type=\"heading.default\">\n\t\t\t\t<div class=\"elementor-widget-container\">\n\t\t\t\t\t<h1 class=\"elementor-heading-title elementor-size-default\">Venta de Disfraces Cabezones<\/h1>\t\t\t\t<\/div>\n\t\t\t\t<\/div>\n\t\t\t\t<div class=\"elementor-element elementor-element-bfd43d1 elementor-widget__width-auto elementor-view-default elementor-widget elementor-widget-icon\" data-id=\"bfd43d1\" data-element_type=\"widget\" data-e-type=\"widget\" data-widget_type=\"icon.default\">\n\t\t\t\t<div class=\"elementor-widget-container\">\n\t\t\t\t\t\t\t<div class=\"elementor-icon-wrapper\">\n\t\t\t<a class=\"elementor-icon\" href=\"https:\/\/demothemesflat.co\/gaowakit\/template-kit\/home-01\/\">\n\t\t\t<i aria-hidden=\"true\" class=\"icon icon-star-half\"><\/i>\t\t\t<\/a>\n\t\t<\/div>\n\t\t\t\t\t\t<\/div>\n\t\t\t\t<\/div>\n\t\t\t\t\t<\/div>\n\t\t<\/div>\n\t\t\t\t\t<\/div>\n\t\t<\/section>\n\t\t\t\t<section class=\"elementor-section elementor-top-section elementor-element elementor-element-1189701 elementor-section-content-middle elementor-reverse-mobile elementor-section-boxed elementor-section-height-default elementor-section-height-default\" data-id=\"1189701\" data-element_type=\"section\" data-e-type=\"section\" data-settings=\"{&quot;background_background&quot;:&quot;classic&quot;}\">\n\t\t\t\t\t\t<div class=\"elementor-container elementor-column-gap-default\">\n\t\t\t\t\t<div class=\"elementor-column elementor-col-100 elementor-top-column elementor-element elementor-element-2df0814\" data-id=\"2df0814\" data-element_type=\"column\" data-e-type=\"column\">\n\t\t\t<div class=\"elementor-widget-wrap elementor-element-populated\">\n\t\t\t\t\t\t<div class=\"elementor-element elementor-element-1aae364 elementor-widget elementor-widget-heading\" data-id=\"1aae364\" data-element_type=\"widget\" data-e-type=\"widget\" data-widget_type=\"heading.default\">\n\t\t\t\t<div class=\"elementor-widget-container\">\n\t\t\t\t\t<h2 class=\"elementor-heading-title elementor-size-default\">\u00bfPor qu\u00e9 comprar nuestros disfraces?<\/h2>\t\t\t\t<\/div>\n\t\t\t\t<\/div>\n\t\t\t\t<div class=\"elementor-element elementor-element-3ff5660 elementor-widget elementor-widget-text-editor\" data-id=\"3ff5660\" data-element_type=\"widget\" data-e-type=\"widget\" data-widget_type=\"text-editor.default\">\n\t\t\t\t<div class=\"elementor-widget-container\">\n\t\t\t\t\t\t\t\t\t<p>En <strong data-start=\"138\" data-end=\"161\">Disfraza tu momento<\/strong>, nos comprometemos a ofrecerte una experiencia \u00fanica. Nuestros disfraces cabezones destacan por su <strong data-start=\"261\" data-end=\"277\">alta calidad<\/strong>, <strong data-start=\"279\" data-end=\"292\">comodidad<\/strong> y <strong data-start=\"295\" data-end=\"317\">dise\u00f1os exclusivos<\/strong>, pensados para que te sientas incre\u00edble en cualquier evento. Adem\u00e1s, contamos con un <strong data-start=\"403\" data-end=\"431\">servicio r\u00e1pido y seguro<\/strong>, garantizando env\u00edos puntuales y opciones de pago f\u00e1ciles y seguras. Con nosotros, no solo compras un disfraz, sino que te llevas una experiencia divertida y sin complicaciones. \u00a1Haz que tu momento brille con nuestros disfraces!<\/p>\t\t\t\t\t\t\t\t<\/div>\n\t\t\t\t<\/div>\n\t\t\t\t<section class=\"elementor-section elementor-inner-section elementor-element elementor-element-ff5141b elementor-section-boxed elementor-section-height-default elementor-section-height-default\" data-id=\"ff5141b\" data-element_type=\"section\" data-e-type=\"section\">\n\t\t\t\t\t\t<div class=\"elementor-container elementor-column-gap-wider\">\n\t\t\t\t\t<div class=\"elementor-column elementor-col-33 elementor-inner-column elementor-element elementor-element-7940077\" data-id=\"7940077\" data-element_type=\"column\" data-e-type=\"column\" data-settings=\"{&quot;background_background&quot;:&quot;classic&quot;}\">\n\t\t\t<div class=\"elementor-widget-wrap elementor-element-populated\">\n\t\t\t\t\t\t<div class=\"elementor-element elementor-element-6bdd89d elementor-position-top elementor-widget elementor-widget-image-box\" data-id=\"6bdd89d\" data-element_type=\"widget\" data-e-type=\"widget\" data-widget_type=\"image-box.default\">\n\t\t\t\t<div class=\"elementor-widget-container\">\n\t\t\t\t\t<div class=\"elementor-image-box-wrapper\"><figure class=\"elementor-image-box-img\"><img decoding=\"async\" width=\"150\" height=\"150\" src=\"https:\/\/www.disfrazatumomento.com\/wp-content\/uploads\/2025\/04\/disfraz-150x150.png\" class=\"elementor-animation-grow attachment-thumbnail size-thumbnail wp-image-600\" alt=\"\" srcset=\"https:\/\/www.disfrazatumomento.com\/wp-content\/uploads\/2025\/04\/disfraz-150x150.png 150w, https:\/\/www.disfrazatumomento.com\/wp-content\/uploads\/2025\/04\/disfraz-300x300.png 300w, https:\/\/www.disfrazatumomento.com\/wp-content\/uploads\/2025\/04\/disfraz.png 512w\" sizes=\"(max-width: 150px) 100vw, 150px\" \/><\/figure><div class=\"elementor-image-box-content\"><h3 class=\"elementor-image-box-title\">Variedad<\/h3><p class=\"elementor-image-box-description\">Tenemos disfraces para todos los gustos, desde personajes de fantas\u00eda hasta animales y el mejor precio del mercado.<\/p><\/div><\/div>\t\t\t\t<\/div>\n\t\t\t\t<\/div>\n\t\t\t\t\t<\/div>\n\t\t<\/div>\n\t\t\t\t<div class=\"elementor-column elementor-col-33 elementor-inner-column elementor-element elementor-element-4cc4414\" data-id=\"4cc4414\" data-element_type=\"column\" data-e-type=\"column\" data-settings=\"{&quot;background_background&quot;:&quot;classic&quot;}\">\n\t\t\t<div class=\"elementor-widget-wrap elementor-element-populated\">\n\t\t\t\t\t\t<div class=\"elementor-element elementor-element-366bb27 elementor-position-top elementor-widget elementor-widget-image-box\" data-id=\"366bb27\" data-element_type=\"widget\" data-e-type=\"widget\" data-widget_type=\"image-box.default\">\n\t\t\t\t<div class=\"elementor-widget-container\">\n\t\t\t\t\t<div class=\"elementor-image-box-wrapper\"><figure class=\"elementor-image-box-img\"><img decoding=\"async\" width=\"150\" height=\"150\" src=\"https:\/\/www.disfrazatumomento.com\/wp-content\/uploads\/2025\/04\/cremallera-150x150.png\" class=\"elementor-animation-grow attachment-thumbnail size-thumbnail wp-image-599\" alt=\"\" srcset=\"https:\/\/www.disfrazatumomento.com\/wp-content\/uploads\/2025\/04\/cremallera-150x150.png 150w, https:\/\/www.disfrazatumomento.com\/wp-content\/uploads\/2025\/04\/cremallera-300x300.png 300w, https:\/\/www.disfrazatumomento.com\/wp-content\/uploads\/2025\/04\/cremallera.png 512w\" sizes=\"(max-width: 150px) 100vw, 150px\" \/><\/figure><div class=\"elementor-image-box-content\"><h3 class=\"elementor-image-box-title\">Alta calidad<\/h3><p class=\"elementor-image-box-description\">Todos nuestros disfraces son de alta calidad, elaborados con materiales de excelente calidad y buena confecci\u00f3n listos para usar.<\/p><\/div><\/div>\t\t\t\t<\/div>\n\t\t\t\t<\/div>\n\t\t\t\t\t<\/div>\n\t\t<\/div>\n\t\t\t\t<div class=\"elementor-column elementor-col-33 elementor-inner-column elementor-element elementor-element-aa57c57\" data-id=\"aa57c57\" data-element_type=\"column\" data-e-type=\"column\" data-settings=\"{&quot;background_background&quot;:&quot;classic&quot;}\">\n\t\t\t<div class=\"elementor-widget-wrap elementor-element-populated\">\n\t\t\t\t\t\t<div class=\"elementor-element elementor-element-41274b0 elementor-position-top elementor-widget elementor-widget-image-box\" data-id=\"41274b0\" data-element_type=\"widget\" data-e-type=\"widget\" data-widget_type=\"image-box.default\">\n\t\t\t\t<div class=\"elementor-widget-container\">\n\t\t\t\t\t<div class=\"elementor-image-box-wrapper\"><figure class=\"elementor-image-box-img\"><img decoding=\"async\" width=\"150\" height=\"150\" src=\"https:\/\/www.disfrazatumomento.com\/wp-content\/uploads\/2025\/04\/conveniente-150x150.png\" class=\"elementor-animation-grow attachment-thumbnail size-thumbnail wp-image-601\" alt=\"\" srcset=\"https:\/\/www.disfrazatumomento.com\/wp-content\/uploads\/2025\/04\/conveniente-150x150.png 150w, https:\/\/www.disfrazatumomento.com\/wp-content\/uploads\/2025\/04\/conveniente-300x300.png 300w, https:\/\/www.disfrazatumomento.com\/wp-content\/uploads\/2025\/04\/conveniente.png 512w\" sizes=\"(max-width: 150px) 100vw, 150px\" \/><\/figure><div class=\"elementor-image-box-content\"><h3 class=\"elementor-image-box-title\">Comodidad<\/h3><p class=\"elementor-image-box-description\">Nos aseguramos de que nuestros disfraces cabezones no solo sean divertidos, sino tambi\u00e9n c\u00f3modos. Est\u00e1n dise\u00f1ados con materiales ligeros y transpirables.<\/p><\/div><\/div>\t\t\t\t<\/div>\n\t\t\t\t<\/div>\n\t\t\t\t\t<\/div>\n\t\t<\/div>\n\t\t\t\t\t<\/div>\n\t\t<\/section>\n\t\t\t\t<div class=\"elementor-element elementor-element-0a65e4e elementor-widget elementor-widget-text-editor\" data-id=\"0a65e4e\" data-element_type=\"widget\" data-e-type=\"widget\" data-widget_type=\"text-editor.default\">\n\t\t\t\t<div class=\"elementor-widget-container\">\n\t\t\t\t\t\t\t\t\t<p>Comun\u00edcate con nosotros v\u00eda WhatsApp y tengamos un mejor contacto<\/p>\t\t\t\t\t\t\t\t<\/div>\n\t\t\t\t<\/div>\n\t\t\t\t<div class=\"elementor-element elementor-element-708a049 elementor-widget elementor-widget-image\" data-id=\"708a049\" data-element_type=\"widget\" data-e-type=\"widget\" data-widget_type=\"image.default\">\n\t\t\t\t<div class=\"elementor-widget-container\">\n\t\t\t\t\t\t\t\t\t\t\t\t\t\t\t\t<a href=\"https:\/\/api.whatsapp.com\/send?phone=+34690828071&#038;text=Quiero%20informaci%C3%B3n%20sobre%20los%20disfraces%20cabezones...\" target=\"_blank\">\n\t\t\t\t\t\t\t<img loading=\"lazy\" decoding=\"async\" width=\"1440\" height=\"349\" src=\"https:\/\/www.disfrazatumomento.com\/wp-content\/uploads\/2025\/04\/pngwing.com_-scaled.png\" class=\"attachment-full size-full wp-image-632\" alt=\"\" srcset=\"https:\/\/www.disfrazatumomento.com\/wp-content\/uploads\/2025\/04\/pngwing.com_-scaled.png 1440w, https:\/\/www.disfrazatumomento.com\/wp-content\/uploads\/2025\/04\/pngwing.com_-300x73.png 300w, https:\/\/www.disfrazatumomento.com\/wp-content\/uploads\/2025\/04\/pngwing.com_-1024x248.png 1024w, https:\/\/www.disfrazatumomento.com\/wp-content\/uploads\/2025\/04\/pngwing.com_-768x186.png 768w, https:\/\/www.disfrazatumomento.com\/wp-content\/uploads\/2025\/04\/pngwing.com_-1536x372.png 1536w, https:\/\/www.disfrazatumomento.com\/wp-content\/uploads\/2025\/04\/pngwing.com_-2048x496.png 2048w\" sizes=\"(max-width: 1440px) 100vw, 1440px\" \/>\t\t\t\t\t\t\t\t<\/a>\n\t\t\t\t\t\t\t\t\t\t\t\t\t\t\t<\/div>\n\t\t\t\t<\/div>\n\t\t\t\t\t<\/div>\n\t\t<\/div>\n\t\t\t\t\t<\/div>\n\t\t<\/section>\n\t\t\t\t<\/div>","protected":false},"excerpt":{"rendered":"<p>Venta de Disfraces Cabezones \u00bfPor qu\u00e9 comprar nuestros disfraces? En Disfraza tu momento, nos comprometemos a ofrecerte una experiencia \u00fanica. Nuestros disfraces cabezones destacan por su alta calidad, comodidad y dise\u00f1os exclusivos, pensados para que te sientas incre\u00edble en cualquier evento. Adem\u00e1s, contamos con un servicio r\u00e1pido y seguro, garantizando env\u00edos puntuales y opciones de [&hellip;]<\/p>\n","protected":false},"author":1,"featured_media":0,"parent":0,"menu_order":0,"comment_status":"closed","ping_status":"closed","template":"","meta":{"footnotes":""},"class_list":["post-612","page","type-page","status-publish","hentry"],"yoast_head":"<!-- This site is optimized with the Yoast SEO plugin v27.4 - https:\/\/yoast.com\/product\/yoast-seo-wordpress\/ -->\n<title>Comprar - Disfraza tu momento | Disfraces cabezones para todo tipo de evento | Granada<\/title>\n<meta name=\"robots\" content=\"index, follow, max-snippet:-1, max-image-preview:large, max-video-preview:-1\" \/>\n<link rel=\"canonical\" href=\"https:\/\/www.disfrazatumomento.com\/en\/comprar-disfraz-cabezon\/\" \/>\n<meta property=\"og:locale\" content=\"en_GB\" \/>\n<meta property=\"og:type\" content=\"article\" \/>\n<meta property=\"og:title\" content=\"Comprar - Disfraza tu momento | Disfraces cabezones para todo tipo de evento | Granada\" \/>\n<meta property=\"og:description\" content=\"Venta de Disfraces Cabezones \u00bfPor qu\u00e9 comprar nuestros disfraces? En Disfraza tu momento, nos comprometemos a ofrecerte una experiencia \u00fanica. Nuestros disfraces cabezones destacan por su alta calidad, comodidad y dise\u00f1os exclusivos, pensados para que te sientas incre\u00edble en cualquier evento. Adem\u00e1s, contamos con un servicio r\u00e1pido y seguro, garantizando env\u00edos puntuales y opciones de [&hellip;]\" \/>\n<meta property=\"og:url\" content=\"https:\/\/www.disfrazatumomento.com\/en\/comprar-disfraz-cabezon\/\" \/>\n<meta property=\"og:site_name\" content=\"Disfraza tu momento | Disfraces cabezones para todo tipo de evento | Granada\" \/>\n<meta property=\"article:modified_time\" content=\"2025-04-29T15:56:22+00:00\" \/>\n<meta property=\"og:image\" content=\"https:\/\/www.disfrazatumomento.com\/wp-content\/uploads\/2025\/04\/disfraz.png\" \/>\n\t<meta property=\"og:image:width\" content=\"512\" \/>\n\t<meta property=\"og:image:height\" content=\"512\" \/>\n\t<meta property=\"og:image:type\" content=\"image\/png\" \/>\n<meta name=\"twitter:card\" content=\"summary_large_image\" \/>\n<meta name=\"twitter:label1\" content=\"Estimated reading time\" \/>\n\t<meta name=\"twitter:data1\" content=\"2 minutes\" \/>\n<script type=\"application\/ld+json\" class=\"yoast-schema-graph\">{\"@context\":\"https:\\\/\\\/schema.org\",\"@graph\":[{\"@type\":\"WebPage\",\"@id\":\"https:\\\/\\\/www.disfrazatumomento.com\\\/comprar-disfraz-cabezon\\\/\",\"url\":\"https:\\\/\\\/www.disfrazatumomento.com\\\/comprar-disfraz-cabezon\\\/\",\"name\":\"Comprar - Disfraza tu momento | Disfraces cabezones para todo tipo de evento | Granada\",\"isPartOf\":{\"@id\":\"https:\\\/\\\/www.disfrazatumomento.com\\\/#website\"},\"primaryImageOfPage\":{\"@id\":\"https:\\\/\\\/www.disfrazatumomento.com\\\/comprar-disfraz-cabezon\\\/#primaryimage\"},\"image\":{\"@id\":\"https:\\\/\\\/www.disfrazatumomento.com\\\/comprar-disfraz-cabezon\\\/#primaryimage\"},\"thumbnailUrl\":\"https:\\\/\\\/www.disfrazatumomento.com\\\/wp-content\\\/uploads\\\/2025\\\/04\\\/disfraz-150x150.png\",\"datePublished\":\"2025-04-29T11:10:46+00:00\",\"dateModified\":\"2025-04-29T15:56:22+00:00\",\"breadcrumb\":{\"@id\":\"https:\\\/\\\/www.disfrazatumomento.com\\\/comprar-disfraz-cabezon\\\/#breadcrumb\"},\"inLanguage\":\"en-GB\",\"potentialAction\":[{\"@type\":\"ReadAction\",\"target\":[\"https:\\\/\\\/www.disfrazatumomento.com\\\/comprar-disfraz-cabezon\\\/\"]}]},{\"@type\":\"ImageObject\",\"inLanguage\":\"en-GB\",\"@id\":\"https:\\\/\\\/www.disfrazatumomento.com\\\/comprar-disfraz-cabezon\\\/#primaryimage\",\"url\":\"https:\\\/\\\/www.disfrazatumomento.com\\\/wp-content\\\/uploads\\\/2025\\\/04\\\/disfraz-150x150.png\",\"contentUrl\":\"https:\\\/\\\/www.disfrazatumomento.com\\\/wp-content\\\/uploads\\\/2025\\\/04\\\/disfraz-150x150.png\"},{\"@type\":\"BreadcrumbList\",\"@id\":\"https:\\\/\\\/www.disfrazatumomento.com\\\/comprar-disfraz-cabezon\\\/#breadcrumb\",\"itemListElement\":[{\"@type\":\"ListItem\",\"position\":1,\"name\":\"Portada\",\"item\":\"https:\\\/\\\/www.disfrazatumomento.com\\\/\"},{\"@type\":\"ListItem\",\"position\":2,\"name\":\"Comprar\"}]},{\"@type\":\"WebSite\",\"@id\":\"https:\\\/\\\/www.disfrazatumomento.com\\\/#website\",\"url\":\"https:\\\/\\\/www.disfrazatumomento.com\\\/\",\"name\":\"Disfraza tu momento | Disfraces cabezones para todo tipo de evento | Motril | Granada\",\"description\":\"Disfraces cabezones en alquiler o venta para animar cualquier tipo de evento\",\"potentialAction\":[{\"@type\":\"SearchAction\",\"target\":{\"@type\":\"EntryPoint\",\"urlTemplate\":\"https:\\\/\\\/www.disfrazatumomento.com\\\/?s={search_term_string}\"},\"query-input\":{\"@type\":\"PropertyValueSpecification\",\"valueRequired\":true,\"valueName\":\"search_term_string\"}}],\"inLanguage\":\"en-GB\"}]}<\/script>\n<!-- \/ Yoast SEO plugin. -->","yoast_head_json":{"title":"Comprar - Disfraza tu momento | Disfraces cabezones para todo tipo de evento | Granada","robots":{"index":"index","follow":"follow","max-snippet":"max-snippet:-1","max-image-preview":"max-image-preview:large","max-video-preview":"max-video-preview:-1"},"canonical":"https:\/\/www.disfrazatumomento.com\/en\/comprar-disfraz-cabezon\/","og_locale":"en_GB","og_type":"article","og_title":"Comprar - Disfraza tu momento | Disfraces cabezones para todo tipo de evento | Granada","og_description":"Venta de Disfraces Cabezones \u00bfPor qu\u00e9 comprar nuestros disfraces? En Disfraza tu momento, nos comprometemos a ofrecerte una experiencia \u00fanica. Nuestros disfraces cabezones destacan por su alta calidad, comodidad y dise\u00f1os exclusivos, pensados para que te sientas incre\u00edble en cualquier evento. Adem\u00e1s, contamos con un servicio r\u00e1pido y seguro, garantizando env\u00edos puntuales y opciones de [&hellip;]","og_url":"https:\/\/www.disfrazatumomento.com\/en\/comprar-disfraz-cabezon\/","og_site_name":"Disfraza tu momento | Disfraces cabezones para todo tipo de evento | Granada","article_modified_time":"2025-04-29T15:56:22+00:00","og_image":[{"width":512,"height":512,"url":"https:\/\/www.disfrazatumomento.com\/wp-content\/uploads\/2025\/04\/disfraz.png","type":"image\/png"}],"twitter_card":"summary_large_image","twitter_misc":{"Estimated reading time":"2 minutes"},"schema":{"@context":"https:\/\/schema.org","@graph":[{"@type":"WebPage","@id":"https:\/\/www.disfrazatumomento.com\/comprar-disfraz-cabezon\/","url":"https:\/\/www.disfrazatumomento.com\/comprar-disfraz-cabezon\/","name":"Comprar - Disfraza tu momento | Disfraces cabezones para todo tipo de evento | Granada","isPartOf":{"@id":"https:\/\/www.disfrazatumomento.com\/#website"},"primaryImageOfPage":{"@id":"https:\/\/www.disfrazatumomento.com\/comprar-disfraz-cabezon\/#primaryimage"},"image":{"@id":"https:\/\/www.disfrazatumomento.com\/comprar-disfraz-cabezon\/#primaryimage"},"thumbnailUrl":"https:\/\/www.disfrazatumomento.com\/wp-content\/uploads\/2025\/04\/disfraz-150x150.png","datePublished":"2025-04-29T11:10:46+00:00","dateModified":"2025-04-29T15:56:22+00:00","breadcrumb":{"@id":"https:\/\/www.disfrazatumomento.com\/comprar-disfraz-cabezon\/#breadcrumb"},"inLanguage":"en-GB","potentialAction":[{"@type":"ReadAction","target":["https:\/\/www.disfrazatumomento.com\/comprar-disfraz-cabezon\/"]}]},{"@type":"ImageObject","inLanguage":"en-GB","@id":"https:\/\/www.disfrazatumomento.com\/comprar-disfraz-cabezon\/#primaryimage","url":"https:\/\/www.disfrazatumomento.com\/wp-content\/uploads\/2025\/04\/disfraz-150x150.png","contentUrl":"https:\/\/www.disfrazatumomento.com\/wp-content\/uploads\/2025\/04\/disfraz-150x150.png"},{"@type":"BreadcrumbList","@id":"https:\/\/www.disfrazatumomento.com\/comprar-disfraz-cabezon\/#breadcrumb","itemListElement":[{"@type":"ListItem","position":1,"name":"Portada","item":"https:\/\/www.disfrazatumomento.com\/"},{"@type":"ListItem","position":2,"name":"Comprar"}]},{"@type":"WebSite","@id":"https:\/\/www.disfrazatumomento.com\/#website","url":"https:\/\/www.disfrazatumomento.com\/","name":"Disfraza tu momento | Disfraces cabezones para todo tipo de evento | Motril | Granada","description":"Disfraces cabezones en alquiler o venta para animar cualquier tipo de evento","potentialAction":[{"@type":"SearchAction","target":{"@type":"EntryPoint","urlTemplate":"https:\/\/www.disfrazatumomento.com\/?s={search_term_string}"},"query-input":{"@type":"PropertyValueSpecification","valueRequired":true,"valueName":"search_term_string"}}],"inLanguage":"en-GB"}]}},"_links":{"self":[{"href":"https:\/\/www.disfrazatumomento.com\/en\/wp-json\/wp\/v2\/pages\/612","targetHints":{"allow":["GET"]}}],"collection":[{"href":"https:\/\/www.disfrazatumomento.com\/en\/wp-json\/wp\/v2\/pages"}],"about":[{"href":"https:\/\/www.disfrazatumomento.com\/en\/wp-json\/wp\/v2\/types\/page"}],"author":[{"embeddable":true,"href":"https:\/\/www.disfrazatumomento.com\/en\/wp-json\/wp\/v2\/users\/1"}],"replies":[{"embeddable":true,"href":"https:\/\/www.disfrazatumomento.com\/en\/wp-json\/wp\/v2\/comments?post=612"}],"version-history":[{"count":11,"href":"https:\/\/www.disfrazatumomento.com\/en\/wp-json\/wp\/v2\/pages\/612\/revisions"}],"predecessor-version":[{"id":657,"href":"https:\/\/www.disfrazatumomento.com\/en\/wp-json\/wp\/v2\/pages\/612\/revisions\/657"}],"wp:attachment":[{"href":"https:\/\/www.disfrazatumomento.com\/en\/wp-json\/wp\/v2\/media?parent=612"}],"curies":[{"name":"wp","href":"https:\/\/api.w.org\/{rel}","templated":true}]}}