{"id":463,"date":"2025-04-29T08:09:04","date_gmt":"2025-04-29T07:09:04","guid":{"rendered":"https:\/\/www.disfrazatumomento.com\/?page_id=463"},"modified":"2025-05-06T12:18:51","modified_gmt":"2025-05-06T11:18:51","slug":"sobre-disfraza-tu-momento","status":"publish","type":"page","link":"https:\/\/www.disfrazatumomento.com\/en\/sobre-disfraza-tu-momento\/","title":{"rendered":"Sobre nosotros"},"content":{"rendered":"<div data-elementor-type=\"wp-page\" data-elementor-id=\"463\" class=\"elementor elementor-463\" data-elementor-post-type=\"page\">\n\t\t\t\t\t\t<section class=\"elementor-section elementor-top-section elementor-element elementor-element-46312 elementor-section-boxed elementor-section-height-default elementor-section-height-default\" data-id=\"46312\" data-element_type=\"section\" data-e-type=\"section\" data-settings=\"{&quot;background_background&quot;:&quot;classic&quot;}\">\n\t\t\t\t\t\t\t<div class=\"elementor-background-overlay\"><\/div>\n\t\t\t\t\t\t\t<div class=\"elementor-container elementor-column-gap-default\">\n\t\t\t\t\t<div class=\"elementor-column elementor-col-100 elementor-top-column elementor-element elementor-element-47ea84ca\" data-id=\"47ea84ca\" data-element_type=\"column\" data-e-type=\"column\">\n\t\t\t<div class=\"elementor-widget-wrap elementor-element-populated\">\n\t\t\t\t\t\t<div class=\"elementor-element elementor-element-be6af1f elementor-widget elementor-widget-heading\" data-id=\"be6af1f\" data-element_type=\"widget\" data-e-type=\"widget\" data-widget_type=\"heading.default\">\n\t\t\t\t<div class=\"elementor-widget-container\">\n\t\t\t\t\t<h1 class=\"elementor-heading-title elementor-size-default\">Sobre nosotros<\/h1>\t\t\t\t<\/div>\n\t\t\t\t<\/div>\n\t\t\t\t<div class=\"elementor-element elementor-element-245aa962 elementor-widget__width-auto elementor-view-default elementor-widget elementor-widget-icon\" data-id=\"245aa962\" data-element_type=\"widget\" data-e-type=\"widget\" data-widget_type=\"icon.default\">\n\t\t\t\t<div class=\"elementor-widget-container\">\n\t\t\t\t\t\t\t<div class=\"elementor-icon-wrapper\">\n\t\t\t<a class=\"elementor-icon\" href=\"https:\/\/demothemesflat.co\/gaowakit\/template-kit\/home-01\/\">\n\t\t\t<i aria-hidden=\"true\" class=\"icon icon-communication\"><\/i>\t\t\t<\/a>\n\t\t<\/div>\n\t\t\t\t\t\t<\/div>\n\t\t\t\t<\/div>\n\t\t\t\t\t<\/div>\n\t\t<\/div>\n\t\t\t\t\t<\/div>\n\t\t<\/section>\n\t\t\t\t<section class=\"elementor-section elementor-top-section elementor-element elementor-element-4a1bda17 elementor-section-content-middle elementor-section-boxed elementor-section-height-default elementor-section-height-default\" data-id=\"4a1bda17\" data-element_type=\"section\" data-e-type=\"section\" data-settings=\"{&quot;background_background&quot;:&quot;classic&quot;}\">\n\t\t\t\t\t\t\t<div class=\"elementor-background-overlay\"><\/div>\n\t\t\t\t\t\t\t<div class=\"elementor-container elementor-column-gap-no\">\n\t\t\t\t\t<div class=\"elementor-column elementor-col-50 elementor-top-column elementor-element elementor-element-3fecbdd6\" data-id=\"3fecbdd6\" data-element_type=\"column\" data-e-type=\"column\" data-settings=\"{&quot;background_background&quot;:&quot;classic&quot;}\">\n\t\t\t<div class=\"elementor-widget-wrap elementor-element-populated\">\n\t\t\t\t\t\t<section class=\"elementor-section elementor-inner-section elementor-element elementor-element-1aa26c34 elementor-section-full_width elementor-section-height-default elementor-section-height-default\" data-id=\"1aa26c34\" data-element_type=\"section\" data-e-type=\"section\" data-settings=\"{&quot;background_background&quot;:&quot;classic&quot;}\">\n\t\t\t\t\t\t<div class=\"elementor-container elementor-column-gap-no\">\n\t\t\t\t\t<div class=\"elementor-column elementor-col-100 elementor-inner-column elementor-element elementor-element-6db4e254\" data-id=\"6db4e254\" data-element_type=\"column\" data-e-type=\"column\">\n\t\t\t<div class=\"elementor-widget-wrap elementor-element-populated\">\n\t\t\t\t\t\t<div class=\"elementor-element elementor-element-31c8cf5b elementor-widget elementor-widget-image\" data-id=\"31c8cf5b\" data-element_type=\"widget\" data-e-type=\"widget\" data-widget_type=\"image.default\">\n\t\t\t\t<div class=\"elementor-widget-container\">\n\t\t\t\t\t\t\t\t\t\t\t\t\t\t\t<img fetchpriority=\"high\" decoding=\"async\" width=\"1282\" height=\"1248\" src=\"https:\/\/www.disfrazatumomento.com\/wp-content\/uploads\/2025\/04\/IMG-20250429-WA0024.jpg\" class=\"attachment-full size-full wp-image-527\" alt=\"disfraces cabezones toy story\" srcset=\"https:\/\/www.disfrazatumomento.com\/wp-content\/uploads\/2025\/04\/IMG-20250429-WA0024.jpg 1282w, https:\/\/www.disfrazatumomento.com\/wp-content\/uploads\/2025\/04\/IMG-20250429-WA0024-300x292.jpg 300w, https:\/\/www.disfrazatumomento.com\/wp-content\/uploads\/2025\/04\/IMG-20250429-WA0024-1024x997.jpg 1024w, https:\/\/www.disfrazatumomento.com\/wp-content\/uploads\/2025\/04\/IMG-20250429-WA0024-768x748.jpg 768w\" sizes=\"(max-width: 1282px) 100vw, 1282px\" \/>\t\t\t\t\t\t\t\t\t\t\t\t\t\t\t<\/div>\n\t\t\t\t<\/div>\n\t\t\t\t\t<\/div>\n\t\t<\/div>\n\t\t\t\t\t<\/div>\n\t\t<\/section>\n\t\t\t\t\t<\/div>\n\t\t<\/div>\n\t\t\t\t<div class=\"elementor-column elementor-col-50 elementor-top-column elementor-element elementor-element-797edb1d\" data-id=\"797edb1d\" data-element_type=\"column\" data-e-type=\"column\" data-settings=\"{&quot;background_background&quot;:&quot;classic&quot;}\">\n\t\t\t<div class=\"elementor-widget-wrap elementor-element-populated\">\n\t\t\t\t\t\t<section class=\"elementor-section elementor-inner-section elementor-element elementor-element-3e5d259 elementor-section-content-middle elementor-section-boxed elementor-section-height-default elementor-section-height-default\" data-id=\"3e5d259\" data-element_type=\"section\" data-e-type=\"section\">\n\t\t\t\t\t\t<div class=\"elementor-container elementor-column-gap-default\">\n\t\t\t\t\t<div class=\"elementor-column elementor-col-50 elementor-inner-column elementor-element elementor-element-57d2e44\" data-id=\"57d2e44\" data-element_type=\"column\" data-e-type=\"column\">\n\t\t\t<div class=\"elementor-widget-wrap elementor-element-populated\">\n\t\t\t\t\t\t<div class=\"elementor-element elementor-element-52f447b3 elementor-widget-divider--view-line elementor-widget elementor-widget-divider\" data-id=\"52f447b3\" data-element_type=\"widget\" data-e-type=\"widget\" data-widget_type=\"divider.default\">\n\t\t\t\t<div class=\"elementor-widget-container\">\n\t\t\t\t\t\t\t<div class=\"elementor-divider\">\n\t\t\t<span class=\"elementor-divider-separator\">\n\t\t\t\t\t\t<\/span>\n\t\t<\/div>\n\t\t\t\t\t\t<\/div>\n\t\t\t\t<\/div>\n\t\t\t\t\t<\/div>\n\t\t<\/div>\n\t\t\t\t<div class=\"elementor-column elementor-col-50 elementor-inner-column elementor-element elementor-element-2c726252\" data-id=\"2c726252\" data-element_type=\"column\" data-e-type=\"column\">\n\t\t\t<div class=\"elementor-widget-wrap\">\n\t\t\t\t\t\t\t<\/div>\n\t\t<\/div>\n\t\t\t\t\t<\/div>\n\t\t<\/section>\n\t\t\t\t<div class=\"elementor-element elementor-element-62d89e5c elementor-widget elementor-widget-heading\" data-id=\"62d89e5c\" data-element_type=\"widget\" data-e-type=\"widget\" data-widget_type=\"heading.default\">\n\t\t\t\t<div class=\"elementor-widget-container\">\n\t\t\t\t\t<h2 class=\"elementor-heading-title elementor-size-default\">Disfraza tu Momento<\/h2>\t\t\t\t<\/div>\n\t\t\t\t<\/div>\n\t\t\t\t<div class=\"elementor-element elementor-element-2611afff elementor-widget elementor-widget-spacer\" data-id=\"2611afff\" data-element_type=\"widget\" data-e-type=\"widget\" data-widget_type=\"spacer.default\">\n\t\t\t\t<div class=\"elementor-widget-container\">\n\t\t\t\t\t\t\t<div class=\"elementor-spacer\">\n\t\t\t<div class=\"elementor-spacer-inner\"><\/div>\n\t\t<\/div>\n\t\t\t\t\t\t<\/div>\n\t\t\t\t<\/div>\n\t\t\t\t<div class=\"elementor-element elementor-element-4c98a296 elementor-widget elementor-widget-text-editor\" data-id=\"4c98a296\" data-element_type=\"widget\" data-e-type=\"widget\" data-widget_type=\"text-editor.default\">\n\t\t\t\t<div class=\"elementor-widget-container\">\n\t\t\t\t\t\t\t\t\t<p data-sourcepos=\"7:3-7:323\"><strong>Disfraza tu Momento<\/strong> naci\u00f3 en septiembre de 2023 con una visi\u00f3n clara: inyectar una dosis extra de diversi\u00f3n y magia a eventos de todo tipo en nuestra localidad. Conscientes de que el alquiler de disfraces cabezones era un concepto novedoso en la zona, nos lanzamos con ilusi\u00f3n y determinaci\u00f3n a este emocionante proyecto.<\/p><p data-sourcepos=\"9:3-9:429\">Gracias al boca a boca y a la creciente confianza de nuestros clientes, hemos ido consolid\u00e1ndonos poco a poco. Ahora, en pleno impulso, estamos listos para afianzarnos como un referente en el sector de la animaci\u00f3n con disfraces cabezones, ofreciendo experiencias inolvidables para animadores, empresas, ayuntamientos y particulares. \u00a1\u00danete a nosotros y descubre c\u00f3mo podemos transformar tu pr\u00f3ximo evento en un momento m\u00e1gico!<\/p>\t\t\t\t\t\t\t\t<\/div>\n\t\t\t\t<\/div>\n\t\t\t\t\t<\/div>\n\t\t<\/div>\n\t\t\t\t\t<\/div>\n\t\t<\/section>\n\t\t\t\t<section class=\"elementor-section elementor-top-section elementor-element elementor-element-7b4b42d0 elementor-section-boxed elementor-section-height-default elementor-section-height-default\" data-id=\"7b4b42d0\" data-element_type=\"section\" data-e-type=\"section\" data-settings=\"{&quot;background_background&quot;:&quot;classic&quot;}\">\n\t\t\t\t\t\t<div class=\"elementor-container elementor-column-gap-default\">\n\t\t\t\t\t<div class=\"elementor-column elementor-col-100 elementor-top-column elementor-element elementor-element-2abd7356\" data-id=\"2abd7356\" data-element_type=\"column\" data-e-type=\"column\">\n\t\t\t<div class=\"elementor-widget-wrap elementor-element-populated\">\n\t\t\t\t\t\t<div class=\"elementor-element elementor-element-965387d elementor-invisible elementor-widget elementor-widget-heading\" data-id=\"965387d\" data-element_type=\"widget\" data-e-type=\"widget\" data-settings=\"{&quot;_animation&quot;:&quot;fadeIn&quot;,&quot;_animation_delay&quot;:100}\" data-widget_type=\"heading.default\">\n\t\t\t\t<div class=\"elementor-widget-container\">\n\t\t\t\t\t<h2 class=\"elementor-heading-title elementor-size-default\">Tu Aliado para una Animaci\u00f3n Inolvidable con Disfraces Cabezones.<\/h2>\t\t\t\t<\/div>\n\t\t\t\t<\/div>\n\t\t\t\t<div class=\"elementor-element elementor-element-a213eb0 elementor-widget elementor-widget-text-editor\" data-id=\"a213eb0\" data-element_type=\"widget\" data-e-type=\"widget\" data-widget_type=\"text-editor.default\">\n\t\t\t\t<div class=\"elementor-widget-container\">\n\t\t\t\t\t\t\t\t\t<p>Comun\u00edcate con nosotros v\u00eda WhatsApp y tengamos un mejor contacto<\/p>\t\t\t\t\t\t\t\t<\/div>\n\t\t\t\t<\/div>\n\t\t\t\t<div class=\"elementor-element elementor-element-d78341f elementor-widget elementor-widget-image\" data-id=\"d78341f\" data-element_type=\"widget\" data-e-type=\"widget\" data-widget_type=\"image.default\">\n\t\t\t\t<div class=\"elementor-widget-container\">\n\t\t\t\t\t\t\t\t\t\t\t\t\t\t\t\t<a href=\"https:\/\/api.whatsapp.com\/send?phone=+34690828071&#038;text=Quiero%20informaci%C3%B3n%20sobre%20los%20disfraces%20cabezones...\" target=\"_blank\">\n\t\t\t\t\t\t\t<img decoding=\"async\" width=\"1440\" height=\"349\" src=\"https:\/\/www.disfrazatumomento.com\/wp-content\/uploads\/2025\/04\/pngwing.com_-scaled.png\" class=\"attachment-full size-full wp-image-632\" alt=\"\" srcset=\"https:\/\/www.disfrazatumomento.com\/wp-content\/uploads\/2025\/04\/pngwing.com_-scaled.png 1440w, https:\/\/www.disfrazatumomento.com\/wp-content\/uploads\/2025\/04\/pngwing.com_-300x73.png 300w, https:\/\/www.disfrazatumomento.com\/wp-content\/uploads\/2025\/04\/pngwing.com_-1024x248.png 1024w, https:\/\/www.disfrazatumomento.com\/wp-content\/uploads\/2025\/04\/pngwing.com_-768x186.png 768w, https:\/\/www.disfrazatumomento.com\/wp-content\/uploads\/2025\/04\/pngwing.com_-1536x372.png 1536w, https:\/\/www.disfrazatumomento.com\/wp-content\/uploads\/2025\/04\/pngwing.com_-2048x496.png 2048w\" sizes=\"(max-width: 1440px) 100vw, 1440px\" \/>\t\t\t\t\t\t\t\t<\/a>\n\t\t\t\t\t\t\t\t\t\t\t\t\t\t\t<\/div>\n\t\t\t\t<\/div>\n\t\t\t\t\t<\/div>\n\t\t<\/div>\n\t\t\t\t\t<\/div>\n\t\t<\/section>\n\t\t\t\t<\/div>","protected":false},"excerpt":{"rendered":"<p>Sobre nosotros Disfraza tu Momento Disfraza tu Momento naci\u00f3 en septiembre de 2023 con una visi\u00f3n clara: inyectar una dosis extra de diversi\u00f3n y magia a eventos de todo tipo en nuestra localidad. Conscientes de que el alquiler de disfraces cabezones era un concepto novedoso en la zona, nos lanzamos con ilusi\u00f3n y determinaci\u00f3n a [&hellip;]<\/p>\n","protected":false},"author":1,"featured_media":0,"parent":0,"menu_order":0,"comment_status":"closed","ping_status":"closed","template":"","meta":{"footnotes":""},"class_list":["post-463","page","type-page","status-publish","hentry"],"yoast_head":"<!-- This site is optimized with the Yoast SEO plugin v27.4 - https:\/\/yoast.com\/product\/yoast-seo-wordpress\/ -->\n<title>Sobre nosotros - Disfraza tu momento | Disfraces cabezones para todo tipo de evento | Granada<\/title>\n<meta name=\"robots\" content=\"index, follow, max-snippet:-1, max-image-preview:large, max-video-preview:-1\" \/>\n<link rel=\"canonical\" href=\"https:\/\/www.disfrazatumomento.com\/en\/sobre-disfraza-tu-momento\/\" \/>\n<meta property=\"og:locale\" content=\"en_GB\" \/>\n<meta property=\"og:type\" content=\"article\" \/>\n<meta property=\"og:title\" content=\"Sobre nosotros - Disfraza tu momento | Disfraces cabezones para todo tipo de evento | Granada\" \/>\n<meta property=\"og:description\" content=\"Sobre nosotros Disfraza tu Momento Disfraza tu Momento naci\u00f3 en septiembre de 2023 con una visi\u00f3n clara: inyectar una dosis extra de diversi\u00f3n y magia a eventos de todo tipo en nuestra localidad. Conscientes de que el alquiler de disfraces cabezones era un concepto novedoso en la zona, nos lanzamos con ilusi\u00f3n y determinaci\u00f3n a [&hellip;]\" \/>\n<meta property=\"og:url\" content=\"https:\/\/www.disfrazatumomento.com\/en\/sobre-disfraza-tu-momento\/\" \/>\n<meta property=\"og:site_name\" content=\"Disfraza tu momento | Disfraces cabezones para todo tipo de evento | Granada\" \/>\n<meta property=\"article:modified_time\" content=\"2025-05-06T11:18:51+00:00\" \/>\n<meta property=\"og:image\" content=\"https:\/\/www.disfrazatumomento.com\/wp-content\/uploads\/2025\/04\/IMG-20250429-WA0024.jpg\" \/>\n\t<meta property=\"og:image:width\" content=\"1282\" \/>\n\t<meta property=\"og:image:height\" content=\"1248\" \/>\n\t<meta property=\"og:image:type\" content=\"image\/jpeg\" \/>\n<meta name=\"twitter:card\" content=\"summary_large_image\" \/>\n<meta name=\"twitter:label1\" content=\"Estimated reading time\" \/>\n\t<meta name=\"twitter:data1\" content=\"2 minutes\" \/>\n<script type=\"application\/ld+json\" class=\"yoast-schema-graph\">{\"@context\":\"https:\\\/\\\/schema.org\",\"@graph\":[{\"@type\":\"WebPage\",\"@id\":\"https:\\\/\\\/www.disfrazatumomento.com\\\/sobre-disfraza-tu-momento\\\/\",\"url\":\"https:\\\/\\\/www.disfrazatumomento.com\\\/sobre-disfraza-tu-momento\\\/\",\"name\":\"Sobre nosotros - Disfraza tu momento | Disfraces cabezones para todo tipo de evento | Granada\",\"isPartOf\":{\"@id\":\"https:\\\/\\\/www.disfrazatumomento.com\\\/#website\"},\"primaryImageOfPage\":{\"@id\":\"https:\\\/\\\/www.disfrazatumomento.com\\\/sobre-disfraza-tu-momento\\\/#primaryimage\"},\"image\":{\"@id\":\"https:\\\/\\\/www.disfrazatumomento.com\\\/sobre-disfraza-tu-momento\\\/#primaryimage\"},\"thumbnailUrl\":\"https:\\\/\\\/www.disfrazatumomento.com\\\/wp-content\\\/uploads\\\/2025\\\/04\\\/IMG-20250429-WA0024.jpg\",\"datePublished\":\"2025-04-29T07:09:04+00:00\",\"dateModified\":\"2025-05-06T11:18:51+00:00\",\"breadcrumb\":{\"@id\":\"https:\\\/\\\/www.disfrazatumomento.com\\\/sobre-disfraza-tu-momento\\\/#breadcrumb\"},\"inLanguage\":\"en-GB\",\"potentialAction\":[{\"@type\":\"ReadAction\",\"target\":[\"https:\\\/\\\/www.disfrazatumomento.com\\\/sobre-disfraza-tu-momento\\\/\"]}]},{\"@type\":\"ImageObject\",\"inLanguage\":\"en-GB\",\"@id\":\"https:\\\/\\\/www.disfrazatumomento.com\\\/sobre-disfraza-tu-momento\\\/#primaryimage\",\"url\":\"https:\\\/\\\/www.disfrazatumomento.com\\\/wp-content\\\/uploads\\\/2025\\\/04\\\/IMG-20250429-WA0024.jpg\",\"contentUrl\":\"https:\\\/\\\/www.disfrazatumomento.com\\\/wp-content\\\/uploads\\\/2025\\\/04\\\/IMG-20250429-WA0024.jpg\"},{\"@type\":\"BreadcrumbList\",\"@id\":\"https:\\\/\\\/www.disfrazatumomento.com\\\/sobre-disfraza-tu-momento\\\/#breadcrumb\",\"itemListElement\":[{\"@type\":\"ListItem\",\"position\":1,\"name\":\"Portada\",\"item\":\"https:\\\/\\\/www.disfrazatumomento.com\\\/\"},{\"@type\":\"ListItem\",\"position\":2,\"name\":\"Sobre nosotros\"}]},{\"@type\":\"WebSite\",\"@id\":\"https:\\\/\\\/www.disfrazatumomento.com\\\/#website\",\"url\":\"https:\\\/\\\/www.disfrazatumomento.com\\\/\",\"name\":\"Disfraza tu momento | Disfraces cabezones para todo tipo de evento | Motril | Granada\",\"description\":\"Disfraces cabezones en alquiler o venta para animar cualquier tipo de evento\",\"potentialAction\":[{\"@type\":\"SearchAction\",\"target\":{\"@type\":\"EntryPoint\",\"urlTemplate\":\"https:\\\/\\\/www.disfrazatumomento.com\\\/?s={search_term_string}\"},\"query-input\":{\"@type\":\"PropertyValueSpecification\",\"valueRequired\":true,\"valueName\":\"search_term_string\"}}],\"inLanguage\":\"en-GB\"}]}<\/script>\n<!-- \/ Yoast SEO plugin. -->","yoast_head_json":{"title":"Sobre nosotros - Disfraza tu momento | Disfraces cabezones para todo tipo de evento | Granada","robots":{"index":"index","follow":"follow","max-snippet":"max-snippet:-1","max-image-preview":"max-image-preview:large","max-video-preview":"max-video-preview:-1"},"canonical":"https:\/\/www.disfrazatumomento.com\/en\/sobre-disfraza-tu-momento\/","og_locale":"en_GB","og_type":"article","og_title":"Sobre nosotros - Disfraza tu momento | Disfraces cabezones para todo tipo de evento | Granada","og_description":"Sobre nosotros Disfraza tu Momento Disfraza tu Momento naci\u00f3 en septiembre de 2023 con una visi\u00f3n clara: inyectar una dosis extra de diversi\u00f3n y magia a eventos de todo tipo en nuestra localidad. Conscientes de que el alquiler de disfraces cabezones era un concepto novedoso en la zona, nos lanzamos con ilusi\u00f3n y determinaci\u00f3n a [&hellip;]","og_url":"https:\/\/www.disfrazatumomento.com\/en\/sobre-disfraza-tu-momento\/","og_site_name":"Disfraza tu momento | Disfraces cabezones para todo tipo de evento | Granada","article_modified_time":"2025-05-06T11:18:51+00:00","og_image":[{"width":1282,"height":1248,"url":"https:\/\/www.disfrazatumomento.com\/wp-content\/uploads\/2025\/04\/IMG-20250429-WA0024.jpg","type":"image\/jpeg"}],"twitter_card":"summary_large_image","twitter_misc":{"Estimated reading time":"2 minutes"},"schema":{"@context":"https:\/\/schema.org","@graph":[{"@type":"WebPage","@id":"https:\/\/www.disfrazatumomento.com\/sobre-disfraza-tu-momento\/","url":"https:\/\/www.disfrazatumomento.com\/sobre-disfraza-tu-momento\/","name":"Sobre nosotros - Disfraza tu momento | Disfraces cabezones para todo tipo de evento | Granada","isPartOf":{"@id":"https:\/\/www.disfrazatumomento.com\/#website"},"primaryImageOfPage":{"@id":"https:\/\/www.disfrazatumomento.com\/sobre-disfraza-tu-momento\/#primaryimage"},"image":{"@id":"https:\/\/www.disfrazatumomento.com\/sobre-disfraza-tu-momento\/#primaryimage"},"thumbnailUrl":"https:\/\/www.disfrazatumomento.com\/wp-content\/uploads\/2025\/04\/IMG-20250429-WA0024.jpg","datePublished":"2025-04-29T07:09:04+00:00","dateModified":"2025-05-06T11:18:51+00:00","breadcrumb":{"@id":"https:\/\/www.disfrazatumomento.com\/sobre-disfraza-tu-momento\/#breadcrumb"},"inLanguage":"en-GB","potentialAction":[{"@type":"ReadAction","target":["https:\/\/www.disfrazatumomento.com\/sobre-disfraza-tu-momento\/"]}]},{"@type":"ImageObject","inLanguage":"en-GB","@id":"https:\/\/www.disfrazatumomento.com\/sobre-disfraza-tu-momento\/#primaryimage","url":"https:\/\/www.disfrazatumomento.com\/wp-content\/uploads\/2025\/04\/IMG-20250429-WA0024.jpg","contentUrl":"https:\/\/www.disfrazatumomento.com\/wp-content\/uploads\/2025\/04\/IMG-20250429-WA0024.jpg"},{"@type":"BreadcrumbList","@id":"https:\/\/www.disfrazatumomento.com\/sobre-disfraza-tu-momento\/#breadcrumb","itemListElement":[{"@type":"ListItem","position":1,"name":"Portada","item":"https:\/\/www.disfrazatumomento.com\/"},{"@type":"ListItem","position":2,"name":"Sobre nosotros"}]},{"@type":"WebSite","@id":"https:\/\/www.disfrazatumomento.com\/#website","url":"https:\/\/www.disfrazatumomento.com\/","name":"Disfraza tu momento | Disfraces cabezones para todo tipo de evento | Motril | Granada","description":"Disfraces cabezones en alquiler o venta para animar cualquier tipo de evento","potentialAction":[{"@type":"SearchAction","target":{"@type":"EntryPoint","urlTemplate":"https:\/\/www.disfrazatumomento.com\/?s={search_term_string}"},"query-input":{"@type":"PropertyValueSpecification","valueRequired":true,"valueName":"search_term_string"}}],"inLanguage":"en-GB"}]}},"_links":{"self":[{"href":"https:\/\/www.disfrazatumomento.com\/en\/wp-json\/wp\/v2\/pages\/463","targetHints":{"allow":["GET"]}}],"collection":[{"href":"https:\/\/www.disfrazatumomento.com\/en\/wp-json\/wp\/v2\/pages"}],"about":[{"href":"https:\/\/www.disfrazatumomento.com\/en\/wp-json\/wp\/v2\/types\/page"}],"author":[{"embeddable":true,"href":"https:\/\/www.disfrazatumomento.com\/en\/wp-json\/wp\/v2\/users\/1"}],"replies":[{"embeddable":true,"href":"https:\/\/www.disfrazatumomento.com\/en\/wp-json\/wp\/v2\/comments?post=463"}],"version-history":[{"count":19,"href":"https:\/\/www.disfrazatumomento.com\/en\/wp-json\/wp\/v2\/pages\/463\/revisions"}],"predecessor-version":[{"id":713,"href":"https:\/\/www.disfrazatumomento.com\/en\/wp-json\/wp\/v2\/pages\/463\/revisions\/713"}],"wp:attachment":[{"href":"https:\/\/www.disfrazatumomento.com\/en\/wp-json\/wp\/v2\/media?parent=463"}],"curies":[{"name":"wp","href":"https:\/\/api.w.org\/{rel}","templated":true}]}}